{"id":825,"date":"2025-03-20T11:45:41","date_gmt":"2025-03-20T10:45:41","guid":{"rendered":"https:\/\/lisca-dom.com\/?page_id=825"},"modified":"2025-03-25T18:35:51","modified_gmt":"2025-03-25T17:35:51","slug":"zakljucene-druzbe","status":"publish","type":"page","link":"https:\/\/lisca-dom.com\/en\/zakljucene-druzbe\/","title":{"rendered":"Zaklju\u010dene dru\u017ebe"},"content":{"rendered":"<div class=\"banner has-hover hide-for-medium\" id=\"banner-222034164\">\n          <div class=\"banner-inner fill\">\n        <div class=\"banner-bg fill\" >\n            <img loading=\"lazy\" decoding=\"async\" width=\"800\" height=\"533\" src=\"https:\/\/lisca-dom.com\/wp-content\/uploads\/2022\/12\/MG_1132.jpg\" class=\"bg attachment-original size-original\" alt=\"\" \/>                                    \n                    <\/div>\n\t\t\n        <div class=\"banner-layers container\">\n            <div class=\"fill banner-link\"><\/div>            \n\n   <div id=\"text-box-1330336867\" class=\"text-box banner-layer x50 md-x50 lg-x50 y50 md-y50 lg-y50 res-text\">\n                                <div class=\"text-box-content text dark\">\n              \n              <div class=\"text-inner text-center\">\n                  \n\n\t<div id=\"text-1685427331\" class=\"text\">\n\t\t\n\n<h3 class=\"uppercase\" style=\"text-align: center;\"><strong>ZAKLJU\u010cENE DRU\u017dBE<\/strong><\/h3>\n<p style=\"text-align: center;\"><span style=\"background-color: #808080;\">Na\u010drtujete praznovanje?\u00a0<\/span><\/p>\n<p><span style=\"background-color: #808080;\">Izberite Ton\u010dkov dom na Lisci, da vam pripravi nepozabno pogostitev.<\/span><\/p>\n<p>\u00a0<\/p>\n\t\t\n<style>\n#text-1685427331 {\n  font-size: 2rem;\n}\n<\/style>\n\t<\/div>\n\t\n\n              <\/div>\n           <\/div>\n                            \n<style>\n#text-box-1330336867 {\n  width: 60%;\n}\n#text-box-1330336867 .text-box-content {\n  font-size: 100%;\n}\n<\/style>\n    <\/div>\n \n\n        <\/div>\n      <\/div>\n\n            \n<style>\n#banner-222034164 {\n  padding-top: 370px;\n}\n#banner-222034164 .banner-bg img {\n  object-position: 45% 59%;\n}\n<\/style>\n  <\/div>\n\n\n\n\t<section class=\"section\" id=\"section_262859288\">\n\t\t<div class=\"section-bg fill\" >\n\t\t\t\t\t\t\t\t\t\n\t\t\t\n\n\t\t<\/div>\n\n\t\t\n\n\t\t<div class=\"section-content relative\">\n\t\t\t\n\n<div class=\"row\"  id=\"row-1929877606\">\n\n\n\t<div id=\"col-149499971\" class=\"col small-12 large-12\"  >\n\t\t\t\t<div class=\"col-inner\"  >\n\t\t\t\n\t\t\t\n\n<h3>\u00a0<\/h3>\n<h2 style=\"text-align: center;\"><strong>Zaklju\u010dene dru\u017ebe v Ton\u010dkovem domu na Lisci<\/strong><\/h2>\n<p><span style=\"font-size: 115%;\">I\u0161\u010dete popolno lokacijo za zaklju\u010deno dru\u017ebo? V\u00a0<strong>Ton\u010dkovem domu na Lisci<\/strong>\u00a0vam ponujamo dva prostora:<\/span><\/p>\n<ul>\n<li><span style=\"font-size: 115%;\"><strong>Manj\u0161i prostor<\/strong>\u00a0za do\u00a0<strong>15 oseb<\/strong><\/span><\/li>\n<li><span style=\"font-size: 115%;\"><strong>Ve\u010dji prostor<\/strong>\u00a0za do\u00a0<strong>45 oseb<\/strong><\/span><\/li>\n<\/ul>\n<p><span style=\"font-size: 115%;\">\u010ce ste skupina\u00a0<strong>40 oseb ali ve\u010d<\/strong>, poskrbimo, da bo va\u0161 dogodek nepozaben!<\/span><\/p>\n<p><span style=\"font-size: 115%;\"><img decoding=\"async\" class=\"an1 CToWUd\" draggable=\"false\" src=\"https:\/\/fonts.gstatic.com\/s\/e\/notoemoji\/16.0\/1f4a1\/32.png\" alt=\"\ud83d\udca1\" data-emoji=\"\ud83d\udca1\" aria-label=\"\ud83d\udca1\" data-bit=\"iit\" \/>\u00a0<strong>Meni pripravimo po va\u0161ih \u017eeljah<\/strong>\u00a0\u2013 uporabljamo\u00a0<strong>lokalne sestavine<\/strong>, z mo\u017enostjo jedi iz\u00a0<strong>podpeke<\/strong>\u00a0ali\u00a0<strong>okusne pice<\/strong>.<\/span><br \/><span style=\"font-size: 115%;\"><img decoding=\"async\" class=\"an1 CToWUd\" draggable=\"false\" src=\"https:\/\/fonts.gstatic.com\/s\/e\/notoemoji\/16.0\/1f3b6\/32.png\" alt=\"\ud83c\udfb6\" data-emoji=\"\ud83c\udfb6\" aria-label=\"\ud83c\udfb6\" data-bit=\"iit\" \/>\u00a0\u017delite \u017eivo glasbo? Uredimo zaklju\u010deno dru\u017ebo z\u00a0<strong>ansamblom ali DJ-em<\/strong>.<\/span><br \/><span style=\"font-size: 115%;\"><img decoding=\"async\" class=\"an1 CToWUd\" draggable=\"false\" src=\"https:\/\/fonts.gstatic.com\/s\/e\/notoemoji\/16.0\/1f6cf_fe0f\/32.png\" alt=\"\ud83d\udecf\ufe0f\" data-emoji=\"\ud83d\udecf\ufe0f\" aria-label=\"\ud83d\udecf\ufe0f\" data-bit=\"iit\" \/>\u00a0Po zabavi lahko tudi\u00a0<strong>preno\u010dite<\/strong>\u00a0pri nas.<\/span><br \/><span style=\"font-size: 115%;\"><img decoding=\"async\" class=\"an1 CToWUd\" draggable=\"false\" src=\"https:\/\/fonts.gstatic.com\/s\/e\/notoemoji\/16.0\/1f380\/32.png\" alt=\"\ud83c\udf80\" data-emoji=\"\ud83c\udf80\" aria-label=\"\ud83c\udf80\" data-bit=\"iit\" \/>\u00a0<strong>Okrasitev prostora<\/strong>\u00a0prilagodimo glede na namen va\u0161ega dogodka.<\/span><\/p>\n<p><span style=\"font-size: 115%;\"><img decoding=\"async\" class=\"an1 CToWUd\" draggable=\"false\" src=\"https:\/\/fonts.gstatic.com\/s\/e\/notoemoji\/16.0\/1f4cd\/32.png\" alt=\"\ud83d\udccd\" data-emoji=\"\ud83d\udccd\" aria-label=\"\ud83d\udccd\" data-bit=\"iit\" \/>\u00a0<strong>Rezervacije in informacije:<\/strong><\/span><br \/><span style=\"font-size: 115%;\"><img decoding=\"async\" class=\"an1 CToWUd\" draggable=\"false\" src=\"https:\/\/fonts.gstatic.com\/s\/e\/notoemoji\/16.0\/1f4de\/32.png\" alt=\"\ud83d\udcde\" data-emoji=\"\ud83d\udcde\" aria-label=\"\ud83d\udcde\" data-bit=\"iit\" \/>\u00a0\u00a0\u00a0<a href=\"tel:38651412188\" target=\"_blank\" rel=\"noopener\">+386 51 412 188<\/a><\/span><br \/><span style=\"font-size: 115%;\"><img decoding=\"async\" class=\"an1 CToWUd\" draggable=\"false\" src=\"https:\/\/fonts.gstatic.com\/s\/e\/notoemoji\/16.0\/1f4e7\/32.png\" alt=\"\ud83d\udce7\" data-emoji=\"\ud83d\udce7\" aria-label=\"\ud83d\udce7\" data-bit=\"iit\" \/>\u00a0<a href=\"mailto:info@lisca-dom.com\" target=\"_blank\" rel=\"noopener\">info@lisca-dom.com<\/a><\/span><\/p>\n<p><span style=\"font-size: 115%;\">Pridite in do\u017eivite\u00a0<strong>nepozabno dru\u017eenje na Lisci<\/strong>!\u00a0<img decoding=\"async\" class=\"an1 CToWUd\" draggable=\"false\" src=\"https:\/\/fonts.gstatic.com\/s\/e\/notoemoji\/16.0\/1f33f\/32.png\" alt=\"\ud83c\udf3f\" data-emoji=\"\ud83c\udf3f\" aria-label=\"\ud83c\udf3f\" data-bit=\"iit\" \/><img decoding=\"async\" class=\"an1 CToWUd\" draggable=\"false\" src=\"https:\/\/fonts.gstatic.com\/s\/e\/notoemoji\/16.0\/1f389\/32.png\" alt=\"\ud83c\udf89\" data-emoji=\"\ud83c\udf89\" aria-label=\"\ud83c\udf89\" data-bit=\"iit\" \/><\/span><\/p>\n\n\t\t<\/div>\n\t\t\t\t\t<\/div>\n\n\t\n\n\t<div id=\"col-448210810\" class=\"col small-12 large-12\"  >\n\t\t\t\t<div class=\"col-inner\"  >\n\t\t\t\n\t\t\t\n\n\n  \n    <div class=\"row large-columns-3 medium-columns- small-columns-2\" >\n  <div class=\"gallery-col col\" >\n          <div class=\"col-inner\">\n            <a class=\"image-lightbox lightbox-gallery\" href=\"https:\/\/lisca-dom.com\/wp-content\/uploads\/2022\/12\/MG_1138-300x200.jpg\" title=\"\">            <div class=\"box has-hover gallery-box box-overlay dark\">\n              <div class=\"box-image image-cover\" style=\"padding-top:300px;\">\n                <img loading=\"lazy\" decoding=\"async\" width=\"300\" height=\"200\" src=\"https:\/\/lisca-dom.com\/wp-content\/uploads\/2022\/12\/MG_1138-300x200.jpg\" class=\"attachment-medium size-medium\" alt=\"\" ids=\"751,750,749,748,747,745\" lightbox_image_size=\"medium\" columns=\"3\" image_height=\"300px\" image_size=\"medium\" srcset=\"https:\/\/lisca-dom.com\/wp-content\/uploads\/2022\/12\/MG_1138-300x200.jpg 300w, https:\/\/lisca-dom.com\/wp-content\/uploads\/2022\/12\/MG_1138-768x512.jpg 768w, https:\/\/lisca-dom.com\/wp-content\/uploads\/2022\/12\/MG_1138-18x12.jpg 18w, https:\/\/lisca-dom.com\/wp-content\/uploads\/2022\/12\/MG_1138.jpg 800w\" sizes=\"auto, (max-width: 300px) 100vw, 300px\" \/>                                  <div class=\"overlay fill\"\n                      style=\"background-color: rgba(0,0,0,.15)\">\n                  <\/div>\n                                                              <\/div>\n              <div class=\"box-text text-left\" >\n                 <p><\/p>\n              <\/div>\n            <\/div>\n            <\/a>          <\/div>\n         <\/div><div class=\"gallery-col col\" >\n          <div class=\"col-inner\">\n            <a class=\"image-lightbox lightbox-gallery\" href=\"https:\/\/lisca-dom.com\/wp-content\/uploads\/2022\/12\/MG_1132-300x200.jpg\" title=\"\">            <div class=\"box has-hover gallery-box box-overlay dark\">\n              <div class=\"box-image image-cover\" style=\"padding-top:300px;\">\n                <img loading=\"lazy\" decoding=\"async\" width=\"300\" height=\"200\" src=\"https:\/\/lisca-dom.com\/wp-content\/uploads\/2022\/12\/MG_1132-300x200.jpg\" class=\"attachment-medium size-medium\" alt=\"\" ids=\"751,750,749,748,747,745\" lightbox_image_size=\"medium\" columns=\"3\" image_height=\"300px\" image_size=\"medium\" srcset=\"https:\/\/lisca-dom.com\/wp-content\/uploads\/2022\/12\/MG_1132-300x200.jpg 300w, https:\/\/lisca-dom.com\/wp-content\/uploads\/2022\/12\/MG_1132-768x512.jpg 768w, https:\/\/lisca-dom.com\/wp-content\/uploads\/2022\/12\/MG_1132-18x12.jpg 18w, https:\/\/lisca-dom.com\/wp-content\/uploads\/2022\/12\/MG_1132.jpg 800w\" sizes=\"auto, (max-width: 300px) 100vw, 300px\" \/>                                  <div class=\"overlay fill\"\n                      style=\"background-color: rgba(0,0,0,.15)\">\n                  <\/div>\n                                                              <\/div>\n              <div class=\"box-text text-left\" >\n                 <p><\/p>\n              <\/div>\n            <\/div>\n            <\/a>          <\/div>\n         <\/div><div class=\"gallery-col col\" >\n          <div class=\"col-inner\">\n            <a class=\"image-lightbox lightbox-gallery\" href=\"https:\/\/lisca-dom.com\/wp-content\/uploads\/2022\/12\/MG_1121-200x300.jpg\" title=\"\">            <div class=\"box has-hover gallery-box box-overlay dark\">\n              <div class=\"box-image image-cover\" style=\"padding-top:300px;\">\n                <img loading=\"lazy\" decoding=\"async\" width=\"200\" height=\"300\" src=\"https:\/\/lisca-dom.com\/wp-content\/uploads\/2022\/12\/MG_1121-200x300.jpg\" class=\"attachment-medium size-medium\" alt=\"\" ids=\"751,750,749,748,747,745\" lightbox_image_size=\"medium\" columns=\"3\" image_height=\"300px\" image_size=\"medium\" srcset=\"https:\/\/lisca-dom.com\/wp-content\/uploads\/2022\/12\/MG_1121-200x300.jpg 200w, https:\/\/lisca-dom.com\/wp-content\/uploads\/2022\/12\/MG_1121-683x1024.jpg 683w, https:\/\/lisca-dom.com\/wp-content\/uploads\/2022\/12\/MG_1121-768x1152.jpg 768w, https:\/\/lisca-dom.com\/wp-content\/uploads\/2022\/12\/MG_1121-8x12.jpg 8w, https:\/\/lisca-dom.com\/wp-content\/uploads\/2022\/12\/MG_1121.jpg 800w\" sizes=\"auto, (max-width: 200px) 100vw, 200px\" \/>                                  <div class=\"overlay fill\"\n                      style=\"background-color: rgba(0,0,0,.15)\">\n                  <\/div>\n                                                              <\/div>\n              <div class=\"box-text text-left\" >\n                 <p><\/p>\n              <\/div>\n            <\/div>\n            <\/a>          <\/div>\n         <\/div><div class=\"gallery-col col\" >\n          <div class=\"col-inner\">\n            <a class=\"image-lightbox lightbox-gallery\" href=\"https:\/\/lisca-dom.com\/wp-content\/uploads\/2022\/12\/MG_1120-300x200.jpg\" title=\"\">            <div class=\"box has-hover gallery-box box-overlay dark\">\n              <div class=\"box-image image-cover\" style=\"padding-top:300px;\">\n                <img loading=\"lazy\" decoding=\"async\" width=\"300\" height=\"200\" src=\"https:\/\/lisca-dom.com\/wp-content\/uploads\/2022\/12\/MG_1120-300x200.jpg\" class=\"attachment-medium size-medium\" alt=\"\" ids=\"751,750,749,748,747,745\" lightbox_image_size=\"medium\" columns=\"3\" image_height=\"300px\" image_size=\"medium\" srcset=\"https:\/\/lisca-dom.com\/wp-content\/uploads\/2022\/12\/MG_1120-300x200.jpg 300w, https:\/\/lisca-dom.com\/wp-content\/uploads\/2022\/12\/MG_1120-768x512.jpg 768w, https:\/\/lisca-dom.com\/wp-content\/uploads\/2022\/12\/MG_1120-18x12.jpg 18w, https:\/\/lisca-dom.com\/wp-content\/uploads\/2022\/12\/MG_1120.jpg 800w\" sizes=\"auto, (max-width: 300px) 100vw, 300px\" \/>                                  <div class=\"overlay fill\"\n                      style=\"background-color: rgba(0,0,0,.15)\">\n                  <\/div>\n                                                              <\/div>\n              <div class=\"box-text text-left\" >\n                 <p><\/p>\n              <\/div>\n            <\/div>\n            <\/a>          <\/div>\n         <\/div><div class=\"gallery-col col\" >\n          <div class=\"col-inner\">\n            <a class=\"image-lightbox lightbox-gallery\" href=\"https:\/\/lisca-dom.com\/wp-content\/uploads\/2022\/12\/MG_1117-200x300.jpg\" title=\"\">            <div class=\"box has-hover gallery-box box-overlay dark\">\n              <div class=\"box-image image-cover\" style=\"padding-top:300px;\">\n                <img loading=\"lazy\" decoding=\"async\" width=\"200\" height=\"300\" src=\"https:\/\/lisca-dom.com\/wp-content\/uploads\/2022\/12\/MG_1117-200x300.jpg\" class=\"attachment-medium size-medium\" alt=\"\" ids=\"751,750,749,748,747,745\" lightbox_image_size=\"medium\" columns=\"3\" image_height=\"300px\" image_size=\"medium\" srcset=\"https:\/\/lisca-dom.com\/wp-content\/uploads\/2022\/12\/MG_1117-200x300.jpg 200w, https:\/\/lisca-dom.com\/wp-content\/uploads\/2022\/12\/MG_1117-683x1024.jpg 683w, https:\/\/lisca-dom.com\/wp-content\/uploads\/2022\/12\/MG_1117-768x1152.jpg 768w, https:\/\/lisca-dom.com\/wp-content\/uploads\/2022\/12\/MG_1117-8x12.jpg 8w, https:\/\/lisca-dom.com\/wp-content\/uploads\/2022\/12\/MG_1117.jpg 800w\" sizes=\"auto, (max-width: 200px) 100vw, 200px\" \/>                                  <div class=\"overlay fill\"\n                      style=\"background-color: rgba(0,0,0,.15)\">\n                  <\/div>\n                                                              <\/div>\n              <div class=\"box-text text-left\" >\n                 <p><\/p>\n              <\/div>\n            <\/div>\n            <\/a>          <\/div>\n         <\/div><div class=\"gallery-col col\" >\n          <div class=\"col-inner\">\n            <a class=\"image-lightbox lightbox-gallery\" href=\"https:\/\/lisca-dom.com\/wp-content\/uploads\/2022\/12\/MG_1103-200x300.jpg\" title=\"\">            <div class=\"box has-hover gallery-box box-overlay dark\">\n              <div class=\"box-image image-cover\" style=\"padding-top:300px;\">\n                <img loading=\"lazy\" decoding=\"async\" width=\"200\" height=\"300\" src=\"https:\/\/lisca-dom.com\/wp-content\/uploads\/2022\/12\/MG_1103-200x300.jpg\" class=\"attachment-medium size-medium\" alt=\"\" ids=\"751,750,749,748,747,745\" lightbox_image_size=\"medium\" columns=\"3\" image_height=\"300px\" image_size=\"medium\" srcset=\"https:\/\/lisca-dom.com\/wp-content\/uploads\/2022\/12\/MG_1103-200x300.jpg 200w, https:\/\/lisca-dom.com\/wp-content\/uploads\/2022\/12\/MG_1103-683x1024.jpg 683w, https:\/\/lisca-dom.com\/wp-content\/uploads\/2022\/12\/MG_1103-768x1152.jpg 768w, https:\/\/lisca-dom.com\/wp-content\/uploads\/2022\/12\/MG_1103-8x12.jpg 8w, https:\/\/lisca-dom.com\/wp-content\/uploads\/2022\/12\/MG_1103.jpg 800w\" sizes=\"auto, (max-width: 200px) 100vw, 200px\" \/>                                  <div class=\"overlay fill\"\n                      style=\"background-color: rgba(0,0,0,.15)\">\n                  <\/div>\n                                                              <\/div>\n              <div class=\"box-text text-left\" >\n                 <p><\/p>\n              <\/div>\n            <\/div>\n            <\/a>          <\/div>\n         <\/div><\/div>\n\n\n\t\t<\/div>\n\t\t\t\t\t<\/div>\n\n\t\n\n<\/div>\n\n\t\t<\/div>\n\n\t\t\n<style>\n#section_262859288 {\n  padding-top: 60px;\n  padding-bottom: 60px;\n}\n<\/style>\n\t<\/section>","protected":false},"excerpt":{"rendered":"","protected":false},"author":3,"featured_media":0,"parent":0,"menu_order":0,"comment_status":"closed","ping_status":"closed","template":"page-blank.php","meta":{"footnotes":""},"class_list":["post-825","page","type-page","status-publish","hentry"],"_links":{"self":[{"href":"https:\/\/lisca-dom.com\/en\/wp-json\/wp\/v2\/pages\/825","targetHints":{"allow":["GET"]}}],"collection":[{"href":"https:\/\/lisca-dom.com\/en\/wp-json\/wp\/v2\/pages"}],"about":[{"href":"https:\/\/lisca-dom.com\/en\/wp-json\/wp\/v2\/types\/page"}],"author":[{"embeddable":true,"href":"https:\/\/lisca-dom.com\/en\/wp-json\/wp\/v2\/users\/3"}],"replies":[{"embeddable":true,"href":"https:\/\/lisca-dom.com\/en\/wp-json\/wp\/v2\/comments?post=825"}],"version-history":[{"count":7,"href":"https:\/\/lisca-dom.com\/en\/wp-json\/wp\/v2\/pages\/825\/revisions"}],"predecessor-version":[{"id":833,"href":"https:\/\/lisca-dom.com\/en\/wp-json\/wp\/v2\/pages\/825\/revisions\/833"}],"wp:attachment":[{"href":"https:\/\/lisca-dom.com\/en\/wp-json\/wp\/v2\/media?parent=825"}],"curies":[{"name":"wp","href":"https:\/\/api.w.org\/{rel}","templated":true}]}}