{"id":834,"date":"2025-03-26T11:22:46","date_gmt":"2025-03-26T10:22:46","guid":{"rendered":"https:\/\/lisca-dom.com\/?page_id=834"},"modified":"2025-03-28T11:37:11","modified_gmt":"2025-03-28T10:37:11","slug":"sejna-konferencna-soba","status":"publish","type":"page","link":"https:\/\/lisca-dom.com\/en\/sejna-konferencna-soba\/","title":{"rendered":"Sejna \/ konferen\u010dna soba"},"content":{"rendered":"<div class=\"banner has-hover\" id=\"banner-320634840\">\n          <div class=\"banner-inner fill\">\n        <div class=\"banner-bg fill\" >\n            <img loading=\"lazy\" decoding=\"async\" width=\"1020\" height=\"656\" src=\"https:\/\/lisca-dom.com\/wp-content\/uploads\/2025\/03\/Slike_0022_Layer-25-1024x659.jpg\" class=\"bg attachment-large size-large\" alt=\"\" \/>                        <div class=\"overlay\"><\/div>            \n                    <\/div>\n\t\t\n        <div class=\"banner-layers container\">\n            <div class=\"fill banner-link\"><\/div>            \n\n   <div id=\"text-box-1140614421\" class=\"text-box banner-layer text-box-circle x0 md-x0 lg-x0 y50 md-y50 lg-y50 res-text\">\n                                <div class=\"text-box-content text box-shadow-3 dark\">\n              \n              <div class=\"text-inner text-center\">\n                  \n\n<h2 class=\"uppercase\"><strong>SEJNA SOBA<\/strong><\/h2>\n<h3>Sodobno opremljena<\/h3>\n<p>Primerna za do 30 ljudi<\/p>\n<a class=\"button white is-outline\" >\n\t\t<span>Brezpla\u010dna, \u010de koristite na\u0161e gostinske storitve<\/span>\n\t<\/a>\n\n\n\n              <\/div>\n           <\/div>\n                            \n<style>\n#text-box-1140614421 .text-box-content {\n  background-color: rgba(24, 27, 31, 0.663);\n  font-size: 100%;\n}\n#text-box-1140614421 .text-inner {\n  padding: 30px 30px 30px 30px;\n}\n#text-box-1140614421 {\n  width: 60%;\n}\n@media (min-width:550px) {\n  #text-box-1140614421 {\n    width: 35%;\n  }\n}\n<\/style>\n    <\/div>\n \n\n        <\/div>\n      <\/div>\n\n            \n<style>\n#banner-320634840 {\n  padding-top: 500px;\n}\n#banner-320634840 .overlay {\n  background-color: rgba(0, 0, 0, 0.2);\n}\n<\/style>\n  <\/div>\n\n\n<div class=\"row\"  id=\"row-1847352787\">\n\n\n\t<div id=\"col-2036261686\" class=\"col small-12 large-12\"  >\n\t\t\t\t<div class=\"col-inner\"  >\n\t\t\t\n\t\t\t\n\n\t<div id=\"text-1422484992\" class=\"text\">\n\t\t\n\n<h3 style=\"text-align: left;\"><strong>Sejna soba v Ton\u010dkovem domu na Lisci<\/strong><\/h3>\n<p style=\"text-align: left;\"><span style=\"font-size: 110%;\"><strong>I\u0161\u010dete idealen prostor za sestanke, seminarje ali konference?<\/strong><\/span><\/p>\n<p><span style=\"font-size: 110%;\">Na\u0161a\u00a0<strong>sodobno opremljena sejna soba<\/strong> ponuja vse, kar potrebujete za uspe\u0161en dogodek:<\/span><\/p>\n<ul>\n<li>\n<p><span style=\"font-size: 100%;\"><strong>\u00a0Kapaciteta:<\/strong> Priomerno za skupine do 30 oseb<\/span><\/p>\n<\/li>\n<li>\n<p><span style=\"font-size: 100%;\">\u00a0<strong>Oprema:<\/strong> projektor, interaktivna tabla, hitra internetna povezava, televizija<\/span><\/p>\n<\/li>\n<li>\n<p><span style=\"font-size: 100%;\">\u00a0<strong>Mo\u017enost uporabe za:<\/strong>\u00a0seminarje, konference, predavanja<\/span><\/p>\n<\/li>\n<\/ul>\n<p><span style=\"font-size: 110%;\"><img decoding=\"async\" class=\"an1\" draggable=\"false\" src=\"https:\/\/fonts.gstatic.com\/s\/e\/notoemoji\/16.0\/1f4b0\/32.png\" alt=\"\ud83d\udcb0\" data-emoji=\"\ud83d\udcb0\" aria-label=\"\ud83d\udcb0\" \/>\u00a0<strong>Cena najema: 100 \u20ac<\/strong><\/span><br \/><span style=\"font-size: 110%;\"><img decoding=\"async\" class=\"an1\" draggable=\"false\" src=\"https:\/\/fonts.gstatic.com\/s\/e\/notoemoji\/16.0\/1f37d_fe0f\/32.png\" alt=\"\ud83c\udf7d\ufe0f\" data-emoji=\"\ud83c\udf7d\ufe0f\" aria-label=\"\ud83c\udf7d\ufe0f\" \/>\u00a0<strong>Ob kori\u0161\u010denju na\u0161ih gostinskih storitev je najem brezpla\u010den!<\/strong><\/span><\/p>\n<p><span style=\"font-size: 110%;\"><img decoding=\"async\" class=\"an1\" draggable=\"false\" src=\"https:\/\/fonts.gstatic.com\/s\/e\/notoemoji\/16.0\/1f4de\/32.png\" alt=\"\ud83d\udcde\" data-emoji=\"\ud83d\udcde\" aria-label=\"\ud83d\udcde\" \/>\u00a0<strong>Rezervacije in informacije: <\/strong><a href=\"tel:38651412188\" target=\"_blank\" rel=\"noopener\">+386 51 412 188<\/a><\/span><\/p>\n<p><span style=\"font-size: 110%;\"><img decoding=\"async\" class=\"an1 CToWUd\" draggable=\"false\" src=\"https:\/\/fonts.gstatic.com\/s\/e\/notoemoji\/16.0\/1f4e7\/32.png\" alt=\"\ud83d\udce7\" data-emoji=\"\ud83d\udce7\" aria-label=\"\ud83d\udce7\" data-bit=\"iit\" \/>\u00a0<a href=\"mailto:info@lisca-dom.com\" target=\"_blank\" rel=\"noopener\">info@lisca-dom.com<\/a><\/span><\/p>\n<p style=\"text-align: center;\"><span style=\"font-size: 110%;\"><strong>Naj bo va\u0161 dogodek na Lisci uspe\u0161en in brezskrben!<\/strong><\/span><\/p>\n\t\t\n<style>\n#text-1422484992 {\n  font-size: 2rem;\n}\n<\/style>\n\t<\/div>\n\t\n\n  \n    <div class=\"row large-columns-2 medium-columns- small-columns-\" >\n  <div class=\"gallery-col col\" >\n          <div class=\"col-inner\">\n            <a class=\"image-lightbox lightbox-gallery\" href=\"https:\/\/lisca-dom.com\/wp-content\/uploads\/2025\/03\/Slike_0025_Layer-22-1024x659.jpg\" title=\"\">            <div class=\"box has-hover gallery-box box-overlay dark\">\n              <div class=\"box-image\" >\n                <img loading=\"lazy\" decoding=\"async\" width=\"300\" height=\"193\" src=\"https:\/\/lisca-dom.com\/wp-content\/uploads\/2025\/03\/Slike_0025_Layer-22-300x193.jpg\" class=\"attachment-medium size-medium\" alt=\"\" ids=\"839,838,837,836\" columns=\"2\" srcset=\"https:\/\/lisca-dom.com\/wp-content\/uploads\/2025\/03\/Slike_0025_Layer-22-300x193.jpg 300w, https:\/\/lisca-dom.com\/wp-content\/uploads\/2025\/03\/Slike_0025_Layer-22-1024x659.jpg 1024w, https:\/\/lisca-dom.com\/wp-content\/uploads\/2025\/03\/Slike_0025_Layer-22-768x494.jpg 768w, https:\/\/lisca-dom.com\/wp-content\/uploads\/2025\/03\/Slike_0025_Layer-22-1536x989.jpg 1536w, https:\/\/lisca-dom.com\/wp-content\/uploads\/2025\/03\/Slike_0025_Layer-22-2048x1318.jpg 2048w, https:\/\/lisca-dom.com\/wp-content\/uploads\/2025\/03\/Slike_0025_Layer-22-18x12.jpg 18w\" sizes=\"auto, (max-width: 300px) 100vw, 300px\" \/>                                  <div class=\"overlay fill\"\n                      style=\"background-color: rgba(0,0,0,.15)\">\n                  <\/div>\n                                                              <\/div>\n              <div class=\"box-text text-left\" >\n                 <p><\/p>\n              <\/div>\n            <\/div>\n            <\/a>          <\/div>\n         <\/div><div class=\"gallery-col col\" >\n          <div class=\"col-inner\">\n            <a class=\"image-lightbox lightbox-gallery\" href=\"https:\/\/lisca-dom.com\/wp-content\/uploads\/2025\/03\/Slike_0024_Layer-23-1024x659.jpg\" title=\"\">            <div class=\"box has-hover gallery-box box-overlay dark\">\n              <div class=\"box-image\" >\n                <img loading=\"lazy\" decoding=\"async\" width=\"300\" height=\"193\" src=\"https:\/\/lisca-dom.com\/wp-content\/uploads\/2025\/03\/Slike_0024_Layer-23-300x193.jpg\" class=\"attachment-medium size-medium\" alt=\"\" ids=\"839,838,837,836\" columns=\"2\" srcset=\"https:\/\/lisca-dom.com\/wp-content\/uploads\/2025\/03\/Slike_0024_Layer-23-300x193.jpg 300w, https:\/\/lisca-dom.com\/wp-content\/uploads\/2025\/03\/Slike_0024_Layer-23-1024x659.jpg 1024w, https:\/\/lisca-dom.com\/wp-content\/uploads\/2025\/03\/Slike_0024_Layer-23-768x494.jpg 768w, https:\/\/lisca-dom.com\/wp-content\/uploads\/2025\/03\/Slike_0024_Layer-23-1536x989.jpg 1536w, https:\/\/lisca-dom.com\/wp-content\/uploads\/2025\/03\/Slike_0024_Layer-23-2048x1318.jpg 2048w, https:\/\/lisca-dom.com\/wp-content\/uploads\/2025\/03\/Slike_0024_Layer-23-18x12.jpg 18w\" sizes=\"auto, (max-width: 300px) 100vw, 300px\" \/>                                  <div class=\"overlay fill\"\n                      style=\"background-color: rgba(0,0,0,.15)\">\n                  <\/div>\n                                                              <\/div>\n              <div class=\"box-text text-left\" >\n                 <p><\/p>\n              <\/div>\n            <\/div>\n            <\/a>          <\/div>\n         <\/div><div class=\"gallery-col col\" >\n          <div class=\"col-inner\">\n            <a class=\"image-lightbox lightbox-gallery\" href=\"https:\/\/lisca-dom.com\/wp-content\/uploads\/2025\/03\/Slike_0022_Layer-25-1024x659.jpg\" title=\"\">            <div class=\"box has-hover gallery-box box-overlay dark\">\n              <div class=\"box-image\" >\n                <img loading=\"lazy\" decoding=\"async\" width=\"300\" height=\"193\" src=\"https:\/\/lisca-dom.com\/wp-content\/uploads\/2025\/03\/Slike_0022_Layer-25-300x193.jpg\" class=\"attachment-medium size-medium\" alt=\"\" ids=\"839,838,837,836\" columns=\"2\" srcset=\"https:\/\/lisca-dom.com\/wp-content\/uploads\/2025\/03\/Slike_0022_Layer-25-300x193.jpg 300w, https:\/\/lisca-dom.com\/wp-content\/uploads\/2025\/03\/Slike_0022_Layer-25-1024x659.jpg 1024w, https:\/\/lisca-dom.com\/wp-content\/uploads\/2025\/03\/Slike_0022_Layer-25-768x494.jpg 768w, https:\/\/lisca-dom.com\/wp-content\/uploads\/2025\/03\/Slike_0022_Layer-25-1536x989.jpg 1536w, https:\/\/lisca-dom.com\/wp-content\/uploads\/2025\/03\/Slike_0022_Layer-25-2048x1318.jpg 2048w, https:\/\/lisca-dom.com\/wp-content\/uploads\/2025\/03\/Slike_0022_Layer-25-18x12.jpg 18w\" sizes=\"auto, (max-width: 300px) 100vw, 300px\" \/>                                  <div class=\"overlay fill\"\n                      style=\"background-color: rgba(0,0,0,.15)\">\n                  <\/div>\n                                                              <\/div>\n              <div class=\"box-text text-left\" >\n                 <p><\/p>\n              <\/div>\n            <\/div>\n            <\/a>          <\/div>\n         <\/div><div class=\"gallery-col col\" >\n          <div class=\"col-inner\">\n            <a class=\"image-lightbox lightbox-gallery\" href=\"https:\/\/lisca-dom.com\/wp-content\/uploads\/2025\/03\/Slike_0021_Layer-26-1024x659.jpg\" title=\"\">            <div class=\"box has-hover gallery-box box-overlay dark\">\n              <div class=\"box-image\" >\n                <img loading=\"lazy\" decoding=\"async\" width=\"300\" height=\"193\" src=\"https:\/\/lisca-dom.com\/wp-content\/uploads\/2025\/03\/Slike_0021_Layer-26-300x193.jpg\" class=\"attachment-medium size-medium\" alt=\"\" ids=\"839,838,837,836\" columns=\"2\" srcset=\"https:\/\/lisca-dom.com\/wp-content\/uploads\/2025\/03\/Slike_0021_Layer-26-300x193.jpg 300w, https:\/\/lisca-dom.com\/wp-content\/uploads\/2025\/03\/Slike_0021_Layer-26-1024x659.jpg 1024w, https:\/\/lisca-dom.com\/wp-content\/uploads\/2025\/03\/Slike_0021_Layer-26-768x494.jpg 768w, https:\/\/lisca-dom.com\/wp-content\/uploads\/2025\/03\/Slike_0021_Layer-26-1536x989.jpg 1536w, https:\/\/lisca-dom.com\/wp-content\/uploads\/2025\/03\/Slike_0021_Layer-26-2048x1318.jpg 2048w, https:\/\/lisca-dom.com\/wp-content\/uploads\/2025\/03\/Slike_0021_Layer-26-18x12.jpg 18w\" sizes=\"auto, (max-width: 300px) 100vw, 300px\" \/>                                  <div class=\"overlay fill\"\n                      style=\"background-color: rgba(0,0,0,.15)\">\n                  <\/div>\n                                                              <\/div>\n              <div class=\"box-text text-left\" >\n                 <p><\/p>\n              <\/div>\n            <\/div>\n            <\/a>          <\/div>\n         <\/div><\/div>\n\n\n\t\t<\/div>\n\t\t\t\t\t<\/div>\n\n\t\n\n<\/div>","protected":false},"excerpt":{"rendered":"","protected":false},"author":3,"featured_media":0,"parent":0,"menu_order":0,"comment_status":"closed","ping_status":"closed","template":"page-blank.php","meta":{"footnotes":""},"class_list":["post-834","page","type-page","status-publish","hentry"],"_links":{"self":[{"href":"https:\/\/lisca-dom.com\/en\/wp-json\/wp\/v2\/pages\/834","targetHints":{"allow":["GET"]}}],"collection":[{"href":"https:\/\/lisca-dom.com\/en\/wp-json\/wp\/v2\/pages"}],"about":[{"href":"https:\/\/lisca-dom.com\/en\/wp-json\/wp\/v2\/types\/page"}],"author":[{"embeddable":true,"href":"https:\/\/lisca-dom.com\/en\/wp-json\/wp\/v2\/users\/3"}],"replies":[{"embeddable":true,"href":"https:\/\/lisca-dom.com\/en\/wp-json\/wp\/v2\/comments?post=834"}],"version-history":[{"count":7,"href":"https:\/\/lisca-dom.com\/en\/wp-json\/wp\/v2\/pages\/834\/revisions"}],"predecessor-version":[{"id":845,"href":"https:\/\/lisca-dom.com\/en\/wp-json\/wp\/v2\/pages\/834\/revisions\/845"}],"wp:attachment":[{"href":"https:\/\/lisca-dom.com\/en\/wp-json\/wp\/v2\/media?parent=834"}],"curies":[{"name":"wp","href":"https:\/\/api.w.org\/{rel}","templated":true}]}}